{"id":88,"date":"2021-10-27T16:32:40","date_gmt":"2021-10-27T16:32:40","guid":{"rendered":"https:\/\/szusziapteam.hu\/?page_id=88"},"modified":"2023-05-11T19:07:06","modified_gmt":"2023-05-11T19:07:06","slug":"referenciakl","status":"publish","type":"page","link":"https:\/\/szusziapteam.hu\/?page_id=88","title":{"rendered":"Referenci\u00e1k"},"content":{"rendered":"\n<figure class=\"wp-block-pullquote\"><blockquote><p>2023<\/p><cite>A Magyar L\u00e1tv\u00e1nyt\u00e1nc Sz\u00f6vets\u00e9g verseny\u00e9n <br>arany m\u00edn\u0151s\u00edt\u00e9st nyert csapataink!<\/cite><\/blockquote><\/figure>\n\n\n\n<figure class=\"wp-block-image size-full\"><img decoding=\"async\" loading=\"lazy\" width=\"940\" height=\"788\" src=\"https:\/\/szusziapteam.hu\/wp-content\/uploads\/2023\/05\/csapatok.png\" alt=\"\" class=\"wp-image-305\" srcset=\"https:\/\/szusziapteam.hu\/wp-content\/uploads\/2023\/05\/csapatok.png 940w, https:\/\/szusziapteam.hu\/wp-content\/uploads\/2023\/05\/csapatok-300x251.png 300w, https:\/\/szusziapteam.hu\/wp-content\/uploads\/2023\/05\/csapatok-768x644.png 768w, https:\/\/szusziapteam.hu\/wp-content\/uploads\/2023\/05\/csapatok-358x300.png 358w\" sizes=\"(max-width: 940px) 100vw, 940px\" \/><\/figure>\n\n\n\n<figure class=\"wp-block-gallery has-nested-images columns-default is-cropped wp-block-gallery-1 is-layout-flex\">\n<figure class=\"wp-block-image size-large\"><img decoding=\"async\" loading=\"lazy\" width=\"1024\" height=\"683\" data-id=\"308\"  src=\"https:\/\/szusziapteam.hu\/wp-content\/uploads\/2023\/05\/DSC09703-1-1024x683.jpg\" alt=\"\" class=\"wp-image-308\" srcset=\"https:\/\/szusziapteam.hu\/wp-content\/uploads\/2023\/05\/DSC09703-1-1024x683.jpg 1024w, https:\/\/szusziapteam.hu\/wp-content\/uploads\/2023\/05\/DSC09703-1-300x200.jpg 300w, https:\/\/szusziapteam.hu\/wp-content\/uploads\/2023\/05\/DSC09703-1-768x512.jpg 768w, https:\/\/szusziapteam.hu\/wp-content\/uploads\/2023\/05\/DSC09703-1-1536x1024.jpg 1536w, https:\/\/szusziapteam.hu\/wp-content\/uploads\/2023\/05\/DSC09703-1-2048x1365.jpg 2048w, https:\/\/szusziapteam.hu\/wp-content\/uploads\/2023\/05\/DSC09703-1-450x300.jpg 450w\" sizes=\"(max-width: 1024px) 100vw, 1024px\" \/><\/figure>\n\n\n\n<figure class=\"wp-block-image size-large\"><img decoding=\"async\" data-id=\"310\"  src=\"https:\/\/szusziapteam.hu\/wp-content\/uploads\/2023\/05\/DSC09731-1-1024x683.jpg\" alt=\"\" class=\"wp-image-310\"\/><\/figure>\n\n\n\n<figure class=\"wp-block-image size-large\"><img decoding=\"async\" loading=\"lazy\" width=\"1024\" height=\"683\" data-id=\"309\"  src=\"https:\/\/szusziapteam.hu\/wp-content\/uploads\/2023\/05\/DSC09718-1024x683.jpg\" alt=\"\" class=\"wp-image-309\" srcset=\"https:\/\/szusziapteam.hu\/wp-content\/uploads\/2023\/05\/DSC09718-1024x683.jpg 1024w, https:\/\/szusziapteam.hu\/wp-content\/uploads\/2023\/05\/DSC09718-300x200.jpg 300w, https:\/\/szusziapteam.hu\/wp-content\/uploads\/2023\/05\/DSC09718-768x512.jpg 768w, https:\/\/szusziapteam.hu\/wp-content\/uploads\/2023\/05\/DSC09718-1536x1024.jpg 1536w, https:\/\/szusziapteam.hu\/wp-content\/uploads\/2023\/05\/DSC09718-2048x1365.jpg 2048w, https:\/\/szusziapteam.hu\/wp-content\/uploads\/2023\/05\/DSC09718-450x300.jpg 450w\" sizes=\"(max-width: 1024px) 100vw, 1024px\" \/><\/figure>\n\n\n\n<figure class=\"wp-block-image size-large\"><img decoding=\"async\" loading=\"lazy\" width=\"1024\" height=\"683\" data-id=\"311\"  src=\"https:\/\/szusziapteam.hu\/wp-content\/uploads\/2023\/05\/DSC09799-1024x683.jpg\" alt=\"\" class=\"wp-image-311\" srcset=\"https:\/\/szusziapteam.hu\/wp-content\/uploads\/2023\/05\/DSC09799-1024x683.jpg 1024w, https:\/\/szusziapteam.hu\/wp-content\/uploads\/2023\/05\/DSC09799-300x200.jpg 300w, https:\/\/szusziapteam.hu\/wp-content\/uploads\/2023\/05\/DSC09799-768x512.jpg 768w, https:\/\/szusziapteam.hu\/wp-content\/uploads\/2023\/05\/DSC09799-1536x1024.jpg 1536w, https:\/\/szusziapteam.hu\/wp-content\/uploads\/2023\/05\/DSC09799-2048x1365.jpg 2048w, https:\/\/szusziapteam.hu\/wp-content\/uploads\/2023\/05\/DSC09799-450x300.jpg 450w\" sizes=\"(max-width: 1024px) 100vw, 1024px\" \/><\/figure>\n<\/figure>\n\n\n\n<figure class=\"wp-block-gallery has-nested-images columns-default is-cropped wp-block-gallery-3 is-layout-flex\">\n<figure class=\"wp-block-image size-large\"><img decoding=\"async\" loading=\"lazy\" width=\"2560\" height=\"1707\" data-id=\"341\"  src=\"https:\/\/szusziapteam.hu\/wp-content\/uploads\/2023\/05\/IMG_4487-scaled.jpg\" alt=\"\" class=\"wp-image-341\"\/><\/figure>\n\n\n\n<figure class=\"wp-block-image size-large\"><img decoding=\"async\" loading=\"lazy\" width=\"1024\" height=\"683\" data-id=\"340\"  src=\"https:\/\/szusziapteam.hu\/wp-content\/uploads\/2023\/05\/IMG_4556-1024x683.jpg\" alt=\"\" class=\"wp-image-340\" srcset=\"https:\/\/szusziapteam.hu\/wp-content\/uploads\/2023\/05\/IMG_4556-1024x683.jpg 1024w, https:\/\/szusziapteam.hu\/wp-content\/uploads\/2023\/05\/IMG_4556-300x200.jpg 300w, https:\/\/szusziapteam.hu\/wp-content\/uploads\/2023\/05\/IMG_4556-768x512.jpg 768w\" sizes=\"(max-width: 1024px) 100vw, 1024px\" \/><\/figure>\n\n\n\n<figure class=\"wp-block-image size-large\"><img decoding=\"async\" loading=\"lazy\" width=\"1024\" height=\"683\" data-id=\"339\"  src=\"https:\/\/szusziapteam.hu\/wp-content\/uploads\/2023\/05\/IMG_4523-1024x683.jpg\" alt=\"\" class=\"wp-image-339\" srcset=\"https:\/\/szusziapteam.hu\/wp-content\/uploads\/2023\/05\/IMG_4523-1024x683.jpg 1024w, https:\/\/szusziapteam.hu\/wp-content\/uploads\/2023\/05\/IMG_4523-300x200.jpg 300w, https:\/\/szusziapteam.hu\/wp-content\/uploads\/2023\/05\/IMG_4523-768x512.jpg 768w\" sizes=\"(max-width: 1024px) 100vw, 1024px\" \/><\/figure>\n<\/figure>\n","protected":false},"excerpt":{"rendered":"<p>2023 A Magyar L\u00e1tv\u00e1nyt\u00e1nc Sz\u00f6vets\u00e9g verseny\u00e9n arany m\u00edn\u0151s\u00edt\u00e9st nyert csapataink!<\/p>\n","protected":false},"author":1,"featured_media":0,"parent":0,"menu_order":0,"comment_status":"closed","ping_status":"closed","template":"","meta":[],"_links":{"self":[{"href":"https:\/\/szusziapteam.hu\/index.php?rest_route=\/wp\/v2\/pages\/88"}],"collection":[{"href":"https:\/\/szusziapteam.hu\/index.php?rest_route=\/wp\/v2\/pages"}],"about":[{"href":"https:\/\/szusziapteam.hu\/index.php?rest_route=\/wp\/v2\/types\/page"}],"author":[{"embeddable":true,"href":"https:\/\/szusziapteam.hu\/index.php?rest_route=\/wp\/v2\/users\/1"}],"replies":[{"embeddable":true,"href":"https:\/\/szusziapteam.hu\/index.php?rest_route=%2Fwp%2Fv2%2Fcomments&post=88"}],"version-history":[{"count":5,"href":"https:\/\/szusziapteam.hu\/index.php?rest_route=\/wp\/v2\/pages\/88\/revisions"}],"predecessor-version":[{"id":342,"href":"https:\/\/szusziapteam.hu\/index.php?rest_route=\/wp\/v2\/pages\/88\/revisions\/342"}],"wp:attachment":[{"href":"https:\/\/szusziapteam.hu\/index.php?rest_route=%2Fwp%2Fv2%2Fmedia&parent=88"}],"curies":[{"name":"wp","href":"https:\/\/api.w.org\/{rel}","templated":true}]}}