{"id":37,"date":"2021-10-27T11:08:39","date_gmt":"2021-10-27T11:08:39","guid":{"rendered":"https:\/\/szusziapteam.hu\/?page_id=37"},"modified":"2021-10-31T20:42:55","modified_gmt":"2021-10-31T20:42:55","slug":"galeria","status":"publish","type":"page","link":"https:\/\/szusziapteam.hu\/?page_id=37","title":{"rendered":"Gal\u00e9ria"},"content":{"rendered":"\n<div class=\"wp-block-media-text alignwide is-stacked-on-mobile\" style=\"grid-template-columns:18% auto\"><figure class=\"wp-block-media-text__media\"><img decoding=\"async\" loading=\"lazy\" width=\"1024\" height=\"683\" src=\"https:\/\/szusziapteam.hu\/wp-content\/uploads\/2021\/10\/DSC06943-1024x683.jpg\" alt=\"\" class=\"wp-image-262 size-full\" srcset=\"https:\/\/szusziapteam.hu\/wp-content\/uploads\/2021\/10\/DSC06943-1024x683.jpg 1024w, https:\/\/szusziapteam.hu\/wp-content\/uploads\/2021\/10\/DSC06943-300x200.jpg 300w, https:\/\/szusziapteam.hu\/wp-content\/uploads\/2021\/10\/DSC06943-768x512.jpg 768w, https:\/\/szusziapteam.hu\/wp-content\/uploads\/2021\/10\/DSC06943-1536x1024.jpg 1536w, https:\/\/szusziapteam.hu\/wp-content\/uploads\/2021\/10\/DSC06943-2048x1365.jpg 2048w, https:\/\/szusziapteam.hu\/wp-content\/uploads\/2021\/10\/DSC06943-450x300.jpg 450w\" sizes=\"(max-width: 1024px) 100vw, 1024px\" \/><\/figure><div class=\"wp-block-media-text__content\">\n<p><a rel=\"noreferrer noopener\" href=\"https:\/\/photos.app.goo.gl\/64hxhdZ4yiexpeWP9\" target=\"_blank\">2021 Edz\u0151t\u00e1bor<\/a><\/p>\n<\/div><\/div>\n\n\n\n<div class=\"wp-block-media-text alignwide is-stacked-on-mobile\" style=\"grid-template-columns:18% auto\"><figure class=\"wp-block-media-text__media\"><img decoding=\"async\" loading=\"lazy\" width=\"1024\" height=\"683\" src=\"https:\/\/szusziapteam.hu\/wp-content\/uploads\/2021\/10\/IMG_5194-1024x683.jpg\" alt=\"\" class=\"wp-image-263 size-full\" srcset=\"https:\/\/szusziapteam.hu\/wp-content\/uploads\/2021\/10\/IMG_5194-1024x683.jpg 1024w, https:\/\/szusziapteam.hu\/wp-content\/uploads\/2021\/10\/IMG_5194-300x200.jpg 300w, https:\/\/szusziapteam.hu\/wp-content\/uploads\/2021\/10\/IMG_5194-768x512.jpg 768w, https:\/\/szusziapteam.hu\/wp-content\/uploads\/2021\/10\/IMG_5194-1536x1024.jpg 1536w, https:\/\/szusziapteam.hu\/wp-content\/uploads\/2021\/10\/IMG_5194-2048x1365.jpg 2048w, https:\/\/szusziapteam.hu\/wp-content\/uploads\/2021\/10\/IMG_5194-450x300.jpg 450w\" sizes=\"(max-width: 1024px) 100vw, 1024px\" \/><\/figure><div class=\"wp-block-media-text__content\">\n<p><a href=\"https:\/\/photos.app.goo.gl\/xFwrX3QaKgSR48pR9\">2019 P\u00e9csv\u00e1radi Le\u00e1nyv\u00e1s\u00e1r<\/a><\/p>\n<\/div><\/div>\n\n\n\n<div class=\"wp-block-media-text alignwide is-stacked-on-mobile\" style=\"grid-template-columns:18% auto\"><figure class=\"wp-block-media-text__media\"><img decoding=\"async\" loading=\"lazy\" width=\"1024\" height=\"484\" src=\"https:\/\/szusziapteam.hu\/wp-content\/uploads\/2021\/10\/IMG_0423-1024x484.jpg\" alt=\"\" class=\"wp-image-265 size-full\" srcset=\"https:\/\/szusziapteam.hu\/wp-content\/uploads\/2021\/10\/IMG_0423-1024x484.jpg 1024w, https:\/\/szusziapteam.hu\/wp-content\/uploads\/2021\/10\/IMG_0423-300x142.jpg 300w, https:\/\/szusziapteam.hu\/wp-content\/uploads\/2021\/10\/IMG_0423-768x363.jpg 768w, https:\/\/szusziapteam.hu\/wp-content\/uploads\/2021\/10\/IMG_0423-1536x726.jpg 1536w, https:\/\/szusziapteam.hu\/wp-content\/uploads\/2021\/10\/IMG_0423-2048x968.jpg 2048w, https:\/\/szusziapteam.hu\/wp-content\/uploads\/2021\/10\/IMG_0423-500x236.jpg 500w\" sizes=\"(max-width: 1024px) 100vw, 1024px\" \/><\/figure><div class=\"wp-block-media-text__content\">\n<p><a href=\"https:\/\/photos.app.goo.gl\/tfwbchu1Xgbro5xS9\">2019 Pell\u00e9rd \u00e9s Vel\u00e9ny falunpok<\/a><\/p>\n<\/div><\/div>\n\n\n\n<div class=\"wp-block-media-text alignwide is-stacked-on-mobile\" style=\"grid-template-columns:18% auto\"><figure class=\"wp-block-media-text__media\"><img decoding=\"async\" src=\"https:\/\/szusziapteam.hu\/wp-content\/uploads\/2021\/10\/DSC06033-1024x576.jpg\" alt=\"\" class=\"wp-image-269 size-full\"\/><\/figure><div class=\"wp-block-media-text__content\">\n<p><a href=\"https:\/\/photos.app.goo.gl\/RJjNmaTNvyBxbJUBA\">2019 MLTSZ Orsz\u00e1gos Verseny<\/a><\/p>\n<\/div><\/div>\n\n\n\n<div class=\"wp-block-media-text alignwide is-stacked-on-mobile\" style=\"grid-template-columns:18% auto\"><figure class=\"wp-block-media-text__media\"><img decoding=\"async\" loading=\"lazy\" width=\"1024\" height=\"1024\" src=\"https:\/\/szusziapteam.hu\/wp-content\/uploads\/2021\/10\/A858003B-F052-4507-9A7F-B66A6ACA4DA1-1024x1024.png\" alt=\"\" class=\"wp-image-271 size-full\" srcset=\"https:\/\/szusziapteam.hu\/wp-content\/uploads\/2021\/10\/A858003B-F052-4507-9A7F-B66A6ACA4DA1-1024x1024.png 1024w, https:\/\/szusziapteam.hu\/wp-content\/uploads\/2021\/10\/A858003B-F052-4507-9A7F-B66A6ACA4DA1-300x300.png 300w, https:\/\/szusziapteam.hu\/wp-content\/uploads\/2021\/10\/A858003B-F052-4507-9A7F-B66A6ACA4DA1-150x150.png 150w, https:\/\/szusziapteam.hu\/wp-content\/uploads\/2021\/10\/A858003B-F052-4507-9A7F-B66A6ACA4DA1-768x768.png 768w, https:\/\/szusziapteam.hu\/wp-content\/uploads\/2021\/10\/A858003B-F052-4507-9A7F-B66A6ACA4DA1-1536x1536.png 1536w, https:\/\/szusziapteam.hu\/wp-content\/uploads\/2021\/10\/A858003B-F052-4507-9A7F-B66A6ACA4DA1-2048x2048.png 2048w, https:\/\/szusziapteam.hu\/wp-content\/uploads\/2021\/10\/A858003B-F052-4507-9A7F-B66A6ACA4DA1-100x100.png 100w\" sizes=\"(max-width: 1024px) 100vw, 1024px\" \/><\/figure><div class=\"wp-block-media-text__content\">\n<p><a href=\"https:\/\/photos.app.goo.gl\/R5d8fT5JpXsPgax2A\">Finnorsz\u00e1gi t\u00fara egy napja<\/a><\/p>\n<\/div><\/div>\n\n\n\n<p><\/p>\n","protected":false},"excerpt":{"rendered":"<p>2021 Edz\u0151t\u00e1bor 2019 P\u00e9csv\u00e1radi Le\u00e1nyv\u00e1s\u00e1r 2019 Pell\u00e9rd \u00e9s Vel\u00e9ny falunpok 2019 MLTSZ Orsz\u00e1gos Verseny Finnorsz\u00e1gi t\u00fara egy napja<\/p>\n","protected":false},"author":1,"featured_media":0,"parent":0,"menu_order":0,"comment_status":"closed","ping_status":"closed","template":"","meta":[],"_links":{"self":[{"href":"https:\/\/szusziapteam.hu\/index.php?rest_route=\/wp\/v2\/pages\/37"}],"collection":[{"href":"https:\/\/szusziapteam.hu\/index.php?rest_route=\/wp\/v2\/pages"}],"about":[{"href":"https:\/\/szusziapteam.hu\/index.php?rest_route=\/wp\/v2\/types\/page"}],"author":[{"embeddable":true,"href":"https:\/\/szusziapteam.hu\/index.php?rest_route=\/wp\/v2\/users\/1"}],"replies":[{"embeddable":true,"href":"https:\/\/szusziapteam.hu\/index.php?rest_route=%2Fwp%2Fv2%2Fcomments&post=37"}],"version-history":[{"count":5,"href":"https:\/\/szusziapteam.hu\/index.php?rest_route=\/wp\/v2\/pages\/37\/revisions"}],"predecessor-version":[{"id":272,"href":"https:\/\/szusziapteam.hu\/index.php?rest_route=\/wp\/v2\/pages\/37\/revisions\/272"}],"wp:attachment":[{"href":"https:\/\/szusziapteam.hu\/index.php?rest_route=%2Fwp%2Fv2%2Fmedia&parent=37"}],"curies":[{"name":"wp","href":"https:\/\/api.w.org\/{rel}","templated":true}]}}