{"id":36,"date":"2021-10-27T11:08:39","date_gmt":"2021-10-27T11:08:39","guid":{"rendered":"https:\/\/szusziapteam.hu\/?page_id=36"},"modified":"2023-05-07T16:55:36","modified_gmt":"2023-05-07T16:55:36","slug":"fellepesek","status":"publish","type":"page","link":"https:\/\/szusziapteam.hu\/?page_id=36","title":{"rendered":"Fell\u00e9p\u00e9sek"},"content":{"rendered":"\n<div class=\"wp-block-cover aligncenter has-custom-content-position is-position-bottom-left\" style=\"min-height:341px\"><span aria-hidden=\"true\" class=\"wp-block-cover__background has-black-background-color has-background-dim\"><\/span><img decoding=\"async\" loading=\"lazy\" width=\"750\" height=\"422\" class=\"wp-block-cover__image-background wp-image-251\" alt=\"\" src=\"http:\/\/szusziapteam.hu\/wp-content\/uploads\/2021\/10\/PVSK-Foto-43-692.jpg\" style=\"object-position:94% 100%\" data-object-fit=\"cover\" data-object-position=\"94% 100%\" srcset=\"https:\/\/szusziapteam.hu\/wp-content\/uploads\/2021\/10\/PVSK-Foto-43-692.jpg 750w, https:\/\/szusziapteam.hu\/wp-content\/uploads\/2021\/10\/PVSK-Foto-43-692-300x169.jpg 300w, https:\/\/szusziapteam.hu\/wp-content\/uploads\/2021\/10\/PVSK-Foto-43-692-500x281.jpg 500w\" sizes=\"(max-width: 750px) 100vw, 750px\" \/><div class=\"wp-block-cover__inner-container\">\n<div class=\"wp-block-buttons is-horizontal is-content-justification-space-between is-layout-flex wp-container-1\">\n<div class=\"wp-block-button has-custom-font-size is-style-outline has-large-font-size\"><a class=\"wp-block-button__link has-blue-color has-light-gray-background-color has-text-color has-background wp-element-button\" style=\"border-radius:24px\"><strong>Aj\u00e1nlataink<\/strong><\/a><\/div>\n<\/div>\n<\/div><\/div>\n\n\n\n<div class=\"wp-block-group alignwide is-layout-flow\"><div class=\"wp-block-group__inner-container\">\n<p><\/p>\n<\/div><\/div>\n\n\n\n<div class=\"wp-block-media-text alignwide is-stacked-on-mobile\" style=\"grid-template-columns:48% auto\"><figure class=\"wp-block-media-text__media\"><img decoding=\"async\" loading=\"lazy\" width=\"1024\" height=\"792\" src=\"https:\/\/szusziapteam.hu\/wp-content\/uploads\/2021\/10\/IMG_0565-1024x792.jpg\" alt=\"\" class=\"wp-image-254 size-full\" srcset=\"https:\/\/szusziapteam.hu\/wp-content\/uploads\/2021\/10\/IMG_0565-1024x792.jpg 1024w, https:\/\/szusziapteam.hu\/wp-content\/uploads\/2021\/10\/IMG_0565-300x232.jpg 300w, https:\/\/szusziapteam.hu\/wp-content\/uploads\/2021\/10\/IMG_0565-768x594.jpg 768w, https:\/\/szusziapteam.hu\/wp-content\/uploads\/2021\/10\/IMG_0565-1536x1188.jpg 1536w, https:\/\/szusziapteam.hu\/wp-content\/uploads\/2021\/10\/IMG_0565-2048x1584.jpg 2048w, https:\/\/szusziapteam.hu\/wp-content\/uploads\/2021\/10\/IMG_0565-388x300.jpg 388w\" sizes=\"(max-width: 1024px) 100vw, 1024px\" \/><\/figure><div class=\"wp-block-media-text__content\">\n<figure class=\"wp-block-pullquote is-style-default has-border-color has-blue-color has-text-color\" style=\"border-color:#f4e90d\"><blockquote><p>Falunapok, fesztiv\u00e1lok<\/p><\/blockquote><\/figure>\n<\/div><\/div>\n\n\n\n<hr class=\"wp-block-separator has-text-color has-black-color has-css-opacity has-black-background-color has-background is-style-wide\"\/>\n\n\n\n<div class=\"wp-block-media-text alignwide has-media-on-the-right is-stacked-on-mobile\" style=\"grid-template-columns:auto 48%\"><div class=\"wp-block-media-text__content\">\n<figure class=\"wp-block-pullquote is-style-default has-border-color has-blue-color has-text-color\" style=\"border-color:#f4e90d\"><blockquote><p>Felvonul\u00e1s, menett\u00e1nc<\/p><\/blockquote><\/figure>\n<\/div><figure class=\"wp-block-media-text__media\"><img decoding=\"async\" loading=\"lazy\" width=\"1024\" height=\"763\" src=\"https:\/\/szusziapteam.hu\/wp-content\/uploads\/2021\/10\/00504889.jpeg\" alt=\"\" class=\"wp-image-255 size-full\" srcset=\"https:\/\/szusziapteam.hu\/wp-content\/uploads\/2021\/10\/00504889.jpeg 1024w, https:\/\/szusziapteam.hu\/wp-content\/uploads\/2021\/10\/00504889-300x224.jpeg 300w, https:\/\/szusziapteam.hu\/wp-content\/uploads\/2021\/10\/00504889-768x572.jpeg 768w, https:\/\/szusziapteam.hu\/wp-content\/uploads\/2021\/10\/00504889-403x300.jpeg 403w\" sizes=\"(max-width: 1024px) 100vw, 1024px\" \/><\/figure><\/div>\n\n\n\n<hr class=\"wp-block-separator has-text-color has-black-color has-css-opacity has-black-background-color has-background is-style-wide\"\/>\n\n\n\n<p><\/p>\n\n\n\n<div class=\"wp-block-media-text alignwide is-stacked-on-mobile\" style=\"grid-template-columns:47% auto\"><figure class=\"wp-block-media-text__media\"><img decoding=\"async\" loading=\"lazy\" width=\"960\" height=\"637\" src=\"https:\/\/szusziapteam.hu\/wp-content\/uploads\/2021\/10\/18485664_712061158977448_2308243746914271308_n.jpg\" alt=\"\" class=\"wp-image-256 size-full\" srcset=\"https:\/\/szusziapteam.hu\/wp-content\/uploads\/2021\/10\/18485664_712061158977448_2308243746914271308_n.jpg 960w, https:\/\/szusziapteam.hu\/wp-content\/uploads\/2021\/10\/18485664_712061158977448_2308243746914271308_n-300x199.jpg 300w, https:\/\/szusziapteam.hu\/wp-content\/uploads\/2021\/10\/18485664_712061158977448_2308243746914271308_n-768x510.jpg 768w, https:\/\/szusziapteam.hu\/wp-content\/uploads\/2021\/10\/18485664_712061158977448_2308243746914271308_n-452x300.jpg 452w\" sizes=\"(max-width: 960px) 100vw, 960px\" \/><\/figure><div class=\"wp-block-media-text__content\">\n<figure class=\"wp-block-pullquote is-style-default has-border-color has-blue-color has-text-color\" style=\"border-color:#f4e90d\"><blockquote><p>Sportren-<br>dezv\u00e9nyek<\/p><\/blockquote><\/figure>\n<\/div><\/div>\n\n\n\n<hr class=\"wp-block-separator has-text-color has-black-color has-css-opacity has-black-background-color has-background is-style-wide\"\/>\n\n\n\n<p><\/p>\n\n\n\n<div class=\"wp-block-media-text alignwide has-media-on-the-right is-stacked-on-mobile\" style=\"grid-template-columns:auto 45%\"><div class=\"wp-block-media-text__content\">\n<figure class=\"wp-block-pullquote is-style-default has-border-color has-blue-color has-text-color\" style=\"border-color:#f3e808\"><blockquote><p>M\u00e9rk\u0151z\u00e9sek,<br> sport-<br>versenyek<\/p><\/blockquote><\/figure>\n<\/div><figure class=\"wp-block-media-text__media\"><img decoding=\"async\" loading=\"lazy\" width=\"1024\" height=\"576\" src=\"http:\/\/szusziapteam.hu\/wp-content\/uploads\/2021\/10\/2015-16-Kosarmeccsek-1024x576.jpg\" alt=\"\" class=\"wp-image-82 size-full\" srcset=\"https:\/\/szusziapteam.hu\/wp-content\/uploads\/2021\/10\/2015-16-Kosarmeccsek-1024x576.jpg 1024w, https:\/\/szusziapteam.hu\/wp-content\/uploads\/2021\/10\/2015-16-Kosarmeccsek-300x169.jpg 300w, https:\/\/szusziapteam.hu\/wp-content\/uploads\/2021\/10\/2015-16-Kosarmeccsek-768x432.jpg 768w, https:\/\/szusziapteam.hu\/wp-content\/uploads\/2021\/10\/2015-16-Kosarmeccsek-1536x864.jpg 1536w, https:\/\/szusziapteam.hu\/wp-content\/uploads\/2021\/10\/2015-16-Kosarmeccsek-2048x1152.jpg 2048w, https:\/\/szusziapteam.hu\/wp-content\/uploads\/2021\/10\/2015-16-Kosarmeccsek-500x281.jpg 500w\" sizes=\"(max-width: 1024px) 100vw, 1024px\" \/><\/figure><\/div>\n","protected":false},"excerpt":{"rendered":"<p>Falunapok, fesztiv\u00e1lok Felvonul\u00e1s, menett\u00e1nc Sportren-dezv\u00e9nyek M\u00e9rk\u0151z\u00e9sek, sport-versenyek<\/p>\n","protected":false},"author":1,"featured_media":0,"parent":0,"menu_order":0,"comment_status":"closed","ping_status":"closed","template":"","meta":[],"_links":{"self":[{"href":"https:\/\/szusziapteam.hu\/index.php?rest_route=\/wp\/v2\/pages\/36"}],"collection":[{"href":"https:\/\/szusziapteam.hu\/index.php?rest_route=\/wp\/v2\/pages"}],"about":[{"href":"https:\/\/szusziapteam.hu\/index.php?rest_route=\/wp\/v2\/types\/page"}],"author":[{"embeddable":true,"href":"https:\/\/szusziapteam.hu\/index.php?rest_route=\/wp\/v2\/users\/1"}],"replies":[{"embeddable":true,"href":"https:\/\/szusziapteam.hu\/index.php?rest_route=%2Fwp%2Fv2%2Fcomments&post=36"}],"version-history":[{"count":6,"href":"https:\/\/szusziapteam.hu\/index.php?rest_route=\/wp\/v2\/pages\/36\/revisions"}],"predecessor-version":[{"id":321,"href":"https:\/\/szusziapteam.hu\/index.php?rest_route=\/wp\/v2\/pages\/36\/revisions\/321"}],"wp:attachment":[{"href":"https:\/\/szusziapteam.hu\/index.php?rest_route=%2Fwp%2Fv2%2Fmedia&parent=36"}],"curies":[{"name":"wp","href":"https:\/\/api.w.org\/{rel}","templated":true}]}}