{"id":31,"date":"2021-10-27T11:08:39","date_gmt":"2021-10-27T11:08:39","guid":{"rendered":"https:\/\/szusziapteam.hu\/?page_id=31"},"modified":"2021-11-20T08:32:57","modified_gmt":"2021-11-20T08:32:57","slug":"elerhetoseg","status":"publish","type":"page","link":"https:\/\/szusziapteam.hu\/?page_id=31","title":{"rendered":"El\u00e9rhet\u0151s\u00e9g"},"content":{"rendered":"\n<div class=\"wp-block-buttons is-layout-flex\">\n<div class=\"wp-block-button is-style-fill\"><a class=\"wp-block-button__link has-blue-background-color has-background\">Email:<\/a><\/div>\n<\/div>\n\n\n\n<p>szusziapteam@gmail.com <\/p>\n\n\n\n<p>info@szusziapteam.hu<\/p>\n","protected":false},"excerpt":{"rendered":"<p>szusziapteam@gmail.com info@szusziapteam.hu<\/p>\n","protected":false},"author":1,"featured_media":0,"parent":0,"menu_order":0,"comment_status":"closed","ping_status":"closed","template":"","meta":[],"_links":{"self":[{"href":"https:\/\/szusziapteam.hu\/index.php?rest_route=\/wp\/v2\/pages\/31"}],"collection":[{"href":"https:\/\/szusziapteam.hu\/index.php?rest_route=\/wp\/v2\/pages"}],"about":[{"href":"https:\/\/szusziapteam.hu\/index.php?rest_route=\/wp\/v2\/types\/page"}],"author":[{"embeddable":true,"href":"https:\/\/szusziapteam.hu\/index.php?rest_route=\/wp\/v2\/users\/1"}],"replies":[{"embeddable":true,"href":"https:\/\/szusziapteam.hu\/index.php?rest_route=%2Fwp%2Fv2%2Fcomments&post=31"}],"version-history":[{"count":2,"href":"https:\/\/szusziapteam.hu\/index.php?rest_route=\/wp\/v2\/pages\/31\/revisions"}],"predecessor-version":[{"id":284,"href":"https:\/\/szusziapteam.hu\/index.php?rest_route=\/wp\/v2\/pages\/31\/revisions\/284"}],"wp:attachment":[{"href":"https:\/\/szusziapteam.hu\/index.php?rest_route=%2Fwp%2Fv2%2Fmedia&parent=31"}],"curies":[{"name":"wp","href":"https:\/\/api.w.org\/{rel}","templated":true}]}}