{"id":30,"date":"2021-10-27T11:08:38","date_gmt":"2021-10-27T11:08:38","guid":{"rendered":"https:\/\/szusziapteam.hu\/?page_id=30"},"modified":"2023-05-08T18:45:57","modified_gmt":"2023-05-08T18:45:57","slug":"rolunk","status":"publish","type":"page","link":"https:\/\/szusziapteam.hu\/?page_id=30","title":{"rendered":"R\u00f3lunk"},"content":{"rendered":"\n<div class=\"wp-block-media-text alignwide is-stacked-on-mobile\" style=\"grid-template-columns:41% auto\"><figure class=\"wp-block-media-text__media\"><img decoding=\"async\" loading=\"lazy\" width=\"1024\" height=\"763\" src=\"http:\/\/szusziapteam.hu\/wp-content\/uploads\/2021\/10\/2007-Kovagoszolos-008-edited-1024x763.jpg\" alt=\"\" class=\"wp-image-117 size-full\" srcset=\"https:\/\/szusziapteam.hu\/wp-content\/uploads\/2021\/10\/2007-Kovagoszolos-008-edited-1024x763.jpg 1024w, https:\/\/szusziapteam.hu\/wp-content\/uploads\/2021\/10\/2007-Kovagoszolos-008-edited-300x224.jpg 300w, https:\/\/szusziapteam.hu\/wp-content\/uploads\/2021\/10\/2007-Kovagoszolos-008-edited-768x572.jpg 768w, https:\/\/szusziapteam.hu\/wp-content\/uploads\/2021\/10\/2007-Kovagoszolos-008-edited-1536x1145.jpg 1536w, https:\/\/szusziapteam.hu\/wp-content\/uploads\/2021\/10\/2007-Kovagoszolos-008-edited-2048x1526.jpg 2048w, https:\/\/szusziapteam.hu\/wp-content\/uploads\/2021\/10\/2007-Kovagoszolos-008-edited-403x300.jpg 403w\" sizes=\"(max-width: 1024px) 100vw, 1024px\" \/><\/figure><div class=\"wp-block-media-text__content\">\n<p class=\"has-normal-font-size\">A Bics\u00e9rdi \u00c1ltal\u00e1nos Iskola keret\u00e9ben alakult meg pompon csoportunk 2006-ban. Eleinte, csak helyi rendezv\u00e9nyeken szerepelt\u00fcnk, majd a k\u00f6rny\u00e9kbeli falvakban is  megmutathattuk tud\u00e1sunkat. <\/p>\n<\/div><\/div>\n\n\n\n<div class=\"wp-block-media-text alignwide is-stacked-on-mobile\" style=\"grid-template-columns:41% auto\"><figure class=\"wp-block-media-text__media\"><img decoding=\"async\" src=\"http:\/\/szusziapteam.hu\/wp-content\/uploads\/2021\/10\/DSC01615-1024x576.jpg\" alt=\"\" class=\"wp-image-118 size-full\"\/><\/figure><div class=\"wp-block-media-text__content\">\n<p class=\"has-normal-font-size\">A kem\u00e9ny munka meghozta gy\u00fcm\u00f6lcs\u00e9t, hiszen egyre t\u00f6bb vid\u00e9ki telep\u00fcl\u00e9sre, nagyv\u00e1rosi rendezv\u00e9nyekre kapott megh\u00edv\u00e1st csoportunk.Folyamatos szerepl\u0151i voltunk a balatonbogl\u00e1ri sz\u00fcreti napoknak, ahol a felvonul\u00e1son is mindig nagy sikert arattak t\u00e1ncosaink.<\/p>\n<\/div><\/div>\n\n\n\n<p class=\"has-normal-font-size\"> 2010-ben csatlakoztunk az Akrobatikus pompon sz\u00f6vets\u00e9ghez, \u00edgy volt lehet\u0151s\u00e9g\u00fcnk \u00e9vente 2-3 versenyen is r\u00e9szt venni \u00e9s n\u00e1lunk rutinosabb, csapatokt\u00f3l tanulhattunk. Lassan olyan szintre l\u00e9pt\u00fcnk, hogy h\u00e1rom csapattal is elnyert\u00fck az orsz\u00e1gos bajnoki c\u00edmet. <\/p>\n\n\n\n<div class=\"wp-block-group is-layout-flow\"><div class=\"wp-block-group__inner-container\">\n<figure class=\"wp-block-gallery has-nested-images columns-default is-cropped aligncenter wp-block-gallery-1 is-layout-flex\">\n<figure class=\"wp-block-image size-large\"><img decoding=\"async\" loading=\"lazy\" width=\"1024\" height=\"576\" src=\"http:\/\/szusziapteam.hu\/wp-content\/uploads\/2022\/06\/DSC08239-1024x576.jpg\" alt=\"\" class=\"wp-image-292\" srcset=\"https:\/\/szusziapteam.hu\/wp-content\/uploads\/2022\/06\/DSC08239-1024x576.jpg 1024w, https:\/\/szusziapteam.hu\/wp-content\/uploads\/2022\/06\/DSC08239-300x169.jpg 300w, https:\/\/szusziapteam.hu\/wp-content\/uploads\/2022\/06\/DSC08239-768x432.jpg 768w, https:\/\/szusziapteam.hu\/wp-content\/uploads\/2022\/06\/DSC08239-1536x864.jpg 1536w, https:\/\/szusziapteam.hu\/wp-content\/uploads\/2022\/06\/DSC08239-500x281.jpg 500w, https:\/\/szusziapteam.hu\/wp-content\/uploads\/2022\/06\/DSC08239.jpg 1920w\" sizes=\"(max-width: 1024px) 100vw, 1024px\" \/><\/figure>\n\n\n\n<figure class=\"wp-block-image size-large\"><img decoding=\"async\" loading=\"lazy\" width=\"960\" height=\"720\" src=\"https:\/\/szusziapteam.hu\/wp-content\/uploads\/2022\/06\/MB-Hoszik-2.jpg\" alt=\"\" class=\"wp-image-296\" srcset=\"https:\/\/szusziapteam.hu\/wp-content\/uploads\/2022\/06\/MB-Hoszik-2.jpg 960w, https:\/\/szusziapteam.hu\/wp-content\/uploads\/2022\/06\/MB-Hoszik-2-300x225.jpg 300w, https:\/\/szusziapteam.hu\/wp-content\/uploads\/2022\/06\/MB-Hoszik-2-768x576.jpg 768w, https:\/\/szusziapteam.hu\/wp-content\/uploads\/2022\/06\/MB-Hoszik-2-400x300.jpg 400w\" sizes=\"(max-width: 960px) 100vw, 960px\" \/><\/figure>\n\n\n\n<figure class=\"wp-block-image size-large\"><img decoding=\"async\" loading=\"lazy\" width=\"960\" height=\"720\" src=\"https:\/\/szusziapteam.hu\/wp-content\/uploads\/2022\/06\/MB-Pindurok-1.jpg\" alt=\"\" class=\"wp-image-297\" srcset=\"https:\/\/szusziapteam.hu\/wp-content\/uploads\/2022\/06\/MB-Pindurok-1.jpg 960w, https:\/\/szusziapteam.hu\/wp-content\/uploads\/2022\/06\/MB-Pindurok-1-300x225.jpg 300w, https:\/\/szusziapteam.hu\/wp-content\/uploads\/2022\/06\/MB-Pindurok-1-768x576.jpg 768w, https:\/\/szusziapteam.hu\/wp-content\/uploads\/2022\/06\/MB-Pindurok-1-400x300.jpg 400w\" sizes=\"(max-width: 960px) 100vw, 960px\" \/><\/figure>\n<figcaption class=\"blocks-gallery-caption wp-element-caption\">Bajnok csapataink<\/figcaption><\/figure>\n<\/div><\/div>\n\n\n\n<p>Az egyes\u00fcletet m\u00e1ig, a helyi, Bics\u00e9rd, Boda, Z\u00f3k k\u00f6zs\u00e9gek gyerekei illetve az iskola jelenlegi \u00e9s r\u00e9gi tan\u00edtv\u00e1nyai alkotj\u00e1k<\/p>\n\n\n\n<figure class=\"wp-block-image size-large\"><img decoding=\"async\" loading=\"lazy\" width=\"1024\" height=\"768\" src=\"http:\/\/szusziapteam.hu\/wp-content\/uploads\/2022\/06\/284285416_513800110443663_7085282926832916371_n-1024x768.jpg\" alt=\"\" class=\"wp-image-298\" srcset=\"https:\/\/szusziapteam.hu\/wp-content\/uploads\/2022\/06\/284285416_513800110443663_7085282926832916371_n-1024x768.jpg 1024w, https:\/\/szusziapteam.hu\/wp-content\/uploads\/2022\/06\/284285416_513800110443663_7085282926832916371_n-300x225.jpg 300w, https:\/\/szusziapteam.hu\/wp-content\/uploads\/2022\/06\/284285416_513800110443663_7085282926832916371_n-768x576.jpg 768w, https:\/\/szusziapteam.hu\/wp-content\/uploads\/2022\/06\/284285416_513800110443663_7085282926832916371_n-1536x1152.jpg 1536w, https:\/\/szusziapteam.hu\/wp-content\/uploads\/2022\/06\/284285416_513800110443663_7085282926832916371_n-400x300.jpg 400w, https:\/\/szusziapteam.hu\/wp-content\/uploads\/2022\/06\/284285416_513800110443663_7085282926832916371_n.jpg 2000w\" sizes=\"(max-width: 1024px) 100vw, 1024px\" \/><\/figure>\n\n\n\n<p class=\"has-normal-font-size\">2018-t\u00f3l a Magyar L\u00e1tv\u00e1nyt\u00e1nc Sz\u00f6vets\u00e9g \u00e1ltal szervezett versenyeken vesz\u00fcnk r\u00e9szt igen nagy sikerrel. A kezdeti \u201eB\u201d (kezd\u0151) oszt\u00e1lyba sorol\u00e1s ut\u00e1n, a 2019-es \u00e9vben h\u00e1rom t\u00e1ncunk is felker\u00fclt az \u201eA\u201d oszt\u00e1lyba, vagyis a\u00a0 profik k\u00f6z\u00e9. Itt m\u00e1r magasabb elv\u00e1r\u00e1sok mellett is siker\u00fclt arany min\u0151s\u00edt\u00e9st szerezn\u00fcnk. Az orsz\u00e1gos versenyen gyermek csapataik els\u0151, illetve m\u00e1sodik helyez\u00e9st \u00e9rtek el, ifj\u00fas\u00e1gi \u00e9s feln\u0151tt kiscsapatuk arany min\u0151s\u00edt\u00e9st kapott. A feln\u0151tt nagycsapatos arany mell\u00e9 k\u00fcl\u00f6nd\u00edjat is bezsebelt a \u201eCs\u00e1rd\u00e1s\u201d illetve a \u201eCountry mix\u201d koreogr\u00e1fi\u00e1nk, valamint a leg\u00fajabb &#8222;\u00c9rz\u00e9sek&#8221; c\u00edm\u0171 produkci\u00f3nk is felkeltette a zs\u0171ri \u00e9rdekl\u0151d\u00e9s\u00e9t.<\/p>\n\n\n\n<p>K\u00fcl\u00f6n eml\u00edt\u00e9st \u00e9rdemel mini csapatuk, akiket az \u00f3vod\u00e1sok mellett, els\u0151 illetve 2. oszt\u00e1lyosok alkotnak. \u0150k k\u00e9pviselik a j\u00f6v\u0151t \u00e9s egyik feln\u0151t t\u00e1ncosunk seg\u00edts\u00e9g\u00e9vel pr\u00f3b\u00e1lj\u00e1k megtanulni az alapokat. <\/p>\n\n\n<div class=\"wp-block-image\">\n<figure class=\"aligncenter size-large\"><img decoding=\"async\" loading=\"lazy\" width=\"1975\" height=\"1111\" src=\"https:\/\/szusziapteam.hu\/wp-content\/uploads\/2023\/05\/Minik-2-edited.jpg\" alt=\"\" class=\"wp-image-332\" srcset=\"https:\/\/szusziapteam.hu\/wp-content\/uploads\/2023\/05\/Minik-2-edited.jpg 1975w, https:\/\/szusziapteam.hu\/wp-content\/uploads\/2023\/05\/Minik-2-edited-300x169.jpg 300w, https:\/\/szusziapteam.hu\/wp-content\/uploads\/2023\/05\/Minik-2-edited-1024x576.jpg 1024w, https:\/\/szusziapteam.hu\/wp-content\/uploads\/2023\/05\/Minik-2-edited-768x432.jpg 768w, https:\/\/szusziapteam.hu\/wp-content\/uploads\/2023\/05\/Minik-2-edited-1536x864.jpg 1536w, https:\/\/szusziapteam.hu\/wp-content\/uploads\/2023\/05\/Minik-2-edited-500x281.jpg 500w\" sizes=\"(max-width: 1975px) 100vw, 1975px\" \/><\/figure><\/div>\n\n\n<p class=\"has-text-align-center has-blue-color has-text-color\"><strong>2023-as csapataink<\/strong><\/p>\n\n\n\n<figure class=\"wp-block-image size-large is-resized\"><img decoding=\"async\" loading=\"lazy\" src=\"https:\/\/szusziapteam.hu\/wp-content\/uploads\/2023\/05\/Felnott-2-edited-1.jpg\" alt=\"\" class=\"wp-image-330\" width=\"613\" height=\"459\" srcset=\"https:\/\/szusziapteam.hu\/wp-content\/uploads\/2023\/05\/Felnott-2-edited-1.jpg 1536w, https:\/\/szusziapteam.hu\/wp-content\/uploads\/2023\/05\/Felnott-2-edited-1-300x225.jpg 300w, https:\/\/szusziapteam.hu\/wp-content\/uploads\/2023\/05\/Felnott-2-edited-1-1024x768.jpg 1024w, https:\/\/szusziapteam.hu\/wp-content\/uploads\/2023\/05\/Felnott-2-edited-1-768x576.jpg 768w, https:\/\/szusziapteam.hu\/wp-content\/uploads\/2023\/05\/Felnott-2-edited-1-400x300.jpg 400w\" sizes=\"(max-width: 613px) 100vw, 613px\" \/><figcaption class=\"wp-element-caption\"><strong>Vadr\u00f3zs\u00e1k: arany min\u0151s\u00edt\u00e9s<\/strong>, <strong>k\u00fcl\u00f6nd\u00ed<\/strong>j<\/figcaption><\/figure>\n\n\n\n<figure class=\"wp-block-image size-large\"><img decoding=\"async\" loading=\"lazy\" width=\"1759\" height=\"990\" src=\"https:\/\/szusziapteam.hu\/wp-content\/uploads\/2023\/05\/Juniorok-edited.jpg\" alt=\"\" class=\"wp-image-334\" srcset=\"https:\/\/szusziapteam.hu\/wp-content\/uploads\/2023\/05\/Juniorok-edited.jpg 1759w, https:\/\/szusziapteam.hu\/wp-content\/uploads\/2023\/05\/Juniorok-edited-300x169.jpg 300w, https:\/\/szusziapteam.hu\/wp-content\/uploads\/2023\/05\/Juniorok-edited-1024x576.jpg 1024w, https:\/\/szusziapteam.hu\/wp-content\/uploads\/2023\/05\/Juniorok-edited-768x432.jpg 768w, https:\/\/szusziapteam.hu\/wp-content\/uploads\/2023\/05\/Juniorok-edited-1536x864.jpg 1536w, https:\/\/szusziapteam.hu\/wp-content\/uploads\/2023\/05\/Juniorok-edited-500x281.jpg 500w\" sizes=\"(max-width: 1759px) 100vw, 1759px\" \/><figcaption class=\"wp-element-caption\"><strong>Juniorok: arany min\u0151s\u00edt\u00e9s<\/strong><\/figcaption><\/figure>\n\n\n\n<figure class=\"wp-block-image size-large\"><img decoding=\"async\" loading=\"lazy\" width=\"2560\" height=\"1440\" src=\"https:\/\/szusziapteam.hu\/wp-content\/uploads\/2023\/05\/IMG_20230430_151816-edited-scaled.jpg\" alt=\"\" class=\"wp-image-336\" srcset=\"https:\/\/szusziapteam.hu\/wp-content\/uploads\/2023\/05\/IMG_20230430_151816-edited-scaled.jpg 2560w, https:\/\/szusziapteam.hu\/wp-content\/uploads\/2023\/05\/IMG_20230430_151816-edited-300x169.jpg 300w, https:\/\/szusziapteam.hu\/wp-content\/uploads\/2023\/05\/IMG_20230430_151816-edited-1024x576.jpg 1024w, https:\/\/szusziapteam.hu\/wp-content\/uploads\/2023\/05\/IMG_20230430_151816-edited-768x432.jpg 768w, https:\/\/szusziapteam.hu\/wp-content\/uploads\/2023\/05\/IMG_20230430_151816-edited-1536x864.jpg 1536w, https:\/\/szusziapteam.hu\/wp-content\/uploads\/2023\/05\/IMG_20230430_151816-edited-2048x1152.jpg 2048w, https:\/\/szusziapteam.hu\/wp-content\/uploads\/2023\/05\/IMG_20230430_151816-edited-500x281.jpg 500w\" sizes=\"(max-width: 2560px) 100vw, 2560px\" \/><figcaption class=\"wp-element-caption\"><strong>Gyerek csapatunk: Ken \u00e9s a Barbik &#8211; Arany min\u0151s\u00edt\u00e9s<\/strong><\/figcaption><\/figure>\n","protected":false},"excerpt":{"rendered":"<p>A Bics\u00e9rdi \u00c1ltal\u00e1nos Iskola keret\u00e9ben alakult meg pompon csoportunk 2006-ban. Eleinte, csak helyi rendezv\u00e9nyeken szerepelt\u00fcnk, majd a k\u00f6rny\u00e9kbeli falvakban is megmutathattuk tud\u00e1sunkat. A kem\u00e9ny munka meghozta gy\u00fcm\u00f6lcs\u00e9t, hiszen egyre t\u00f6bb vid\u00e9ki telep\u00fcl\u00e9sre, nagyv\u00e1rosi rendezv\u00e9nyekre kapott megh\u00edv\u00e1st csoportunk.Folyamatos szerepl\u0151i voltunk a &hellip; <a href=\"https:\/\/szusziapteam.hu\/?page_id=30\">Egy kattint\u00e1s ide a folytat\u00e1shoz&#8230;. <span class=\"meta-nav\">&rarr;<\/span><\/a><\/p>\n","protected":false},"author":1,"featured_media":0,"parent":0,"menu_order":0,"comment_status":"closed","ping_status":"closed","template":"","meta":[],"_links":{"self":[{"href":"https:\/\/szusziapteam.hu\/index.php?rest_route=\/wp\/v2\/pages\/30"}],"collection":[{"href":"https:\/\/szusziapteam.hu\/index.php?rest_route=\/wp\/v2\/pages"}],"about":[{"href":"https:\/\/szusziapteam.hu\/index.php?rest_route=\/wp\/v2\/types\/page"}],"author":[{"embeddable":true,"href":"https:\/\/szusziapteam.hu\/index.php?rest_route=\/wp\/v2\/users\/1"}],"replies":[{"embeddable":true,"href":"https:\/\/szusziapteam.hu\/index.php?rest_route=%2Fwp%2Fv2%2Fcomments&post=30"}],"version-history":[{"count":59,"href":"https:\/\/szusziapteam.hu\/index.php?rest_route=\/wp\/v2\/pages\/30\/revisions"}],"predecessor-version":[{"id":337,"href":"https:\/\/szusziapteam.hu\/index.php?rest_route=\/wp\/v2\/pages\/30\/revisions\/337"}],"wp:attachment":[{"href":"https:\/\/szusziapteam.hu\/index.php?rest_route=%2Fwp%2Fv2%2Fmedia&parent=30"}],"curies":[{"name":"wp","href":"https:\/\/api.w.org\/{rel}","templated":true}]}}