{"id":29,"date":"2021-10-27T11:08:38","date_gmt":"2021-10-27T11:08:38","guid":{"rendered":"https:\/\/szusziapteam.hu\/?page_id=29"},"modified":"2023-05-11T19:21:59","modified_gmt":"2023-05-11T19:21:59","slug":"keszitse-el-webhelyet-blokkokkal","status":"publish","type":"page","link":"https:\/\/szusziapteam.hu\/","title":{"rendered":"Mi is az az akrobatikus pompon?"},"content":{"rendered":"<div class=\"wp-block-image is-style-default\">\n<figure class=\"aligncenter size-large\"><img decoding=\"async\" loading=\"lazy\" width=\"1024\" height=\"576\" src=\"https:\/\/szusziapteam.hu\/wp-content\/uploads\/2021\/10\/IMG_5112-1024x576.jpg\" alt=\"\" class=\"wp-image-93\" srcset=\"https:\/\/szusziapteam.hu\/wp-content\/uploads\/2021\/10\/IMG_5112-1024x576.jpg 1024w, https:\/\/szusziapteam.hu\/wp-content\/uploads\/2021\/10\/IMG_5112-300x169.jpg 300w, https:\/\/szusziapteam.hu\/wp-content\/uploads\/2021\/10\/IMG_5112-768x432.jpg 768w, https:\/\/szusziapteam.hu\/wp-content\/uploads\/2021\/10\/IMG_5112-1536x864.jpg 1536w, https:\/\/szusziapteam.hu\/wp-content\/uploads\/2021\/10\/IMG_5112-2048x1152.jpg 2048w, https:\/\/szusziapteam.hu\/wp-content\/uploads\/2021\/10\/IMG_5112-500x281.jpg 500w\" sizes=\"(max-width: 1024px) 100vw, 1024px\" \/><\/figure><\/div>\n\n\n<figure class=\"wp-block-pullquote\"><blockquote><p>\u201eAz Akrobatikus Pompon sport\u00e1g egy rendk\u00edv\u00fcl l\u00e1tv\u00e1nyos a k\u00f6z\u00f6ns\u00e9get elvar\u00e1zsl\u00f3, egyszer\u0171, de nagyszer\u0171 elven m\u0171k\u00f6d\u0151, sok mindent mag\u00e1ba \u00f6tv\u00f6z\u0151 m\u0171faj. A sport\u00e1g szabad t\u00e1ncst\u00edlus\u00fa, de k\u00f6t\u00f6tt ritmik\u00e1j\u00fa, melyben fontos szerepet t\u00f6ltenek be a t\u00e1ncok sor\u00e1n bemutatott akrobatikus elemek \u00e9s a kell\u00e9kk\u00e9nt haszn\u00e1lt pompon eszk\u00f6z\u00f6k. Az edz\u0151k \u00e9s t\u00e1ncosok st\u00edlus\u00e1n, k\u00e9pzel\u0151erej\u00e9n \u00e9s tud\u00e1s\u00e1n m\u00falik, milyen jelleg\u0171 koreogr\u00e1fi\u00e1t adnak el\u0151, produkci\u00f3juk sor\u00e1n, melyben kateg\u00f3ri\u00e1t\u00f3l f\u00fcgg\u0151en h\u00e1romt\u00f3l eg\u00e9szen h\u00fasz f\u0151ig szerepelhetnek versenyz\u0151k.\u201d<\/p><\/blockquote><\/figure>\n\n\n\n<div class=\"wp-block-media-text alignwide is-stacked-on-mobile is-vertically-aligned-center\"><figure class=\"wp-block-media-text__media\"><img decoding=\"async\" loading=\"lazy\" width=\"767\" height=\"1024\" src=\"https:\/\/szusziapteam.hu\/wp-content\/uploads\/2021\/10\/IMG_0497-767x1024.jpg\" alt=\"\" class=\"wp-image-222 size-full\" srcset=\"https:\/\/szusziapteam.hu\/wp-content\/uploads\/2021\/10\/IMG_0497-767x1024.jpg 767w, https:\/\/szusziapteam.hu\/wp-content\/uploads\/2021\/10\/IMG_0497-225x300.jpg 225w, https:\/\/szusziapteam.hu\/wp-content\/uploads\/2021\/10\/IMG_0497-768x1026.jpg 768w, https:\/\/szusziapteam.hu\/wp-content\/uploads\/2021\/10\/IMG_0497-1150x1536.jpg 1150w, https:\/\/szusziapteam.hu\/wp-content\/uploads\/2021\/10\/IMG_0497-1534x2048.jpg 1534w, https:\/\/szusziapteam.hu\/wp-content\/uploads\/2021\/10\/IMG_0497-300x401.jpg 300w, https:\/\/szusziapteam.hu\/wp-content\/uploads\/2021\/10\/IMG_0497-scaled.jpg 1917w\" sizes=\"(max-width: 767px) 100vw, 767px\" \/><\/figure><div class=\"wp-block-media-text__content\">\n<div class=\"wp-block-group is-layout-flow\"><div class=\"wp-block-group__inner-container\">\n<figure class=\"wp-block-pullquote has-border-color\" style=\"border-color:#e2e2e2\"><blockquote><p>Egyszer\u0171 emel\u00e9sek<\/p><\/blockquote><\/figure>\n<\/div><\/div>\n\n\n\n<figure class=\"wp-block-image size-large\"><img decoding=\"async\" loading=\"lazy\" width=\"1024\" height=\"683\" src=\"http:\/\/szusziapteam.hu\/wp-content\/uploads\/2023\/05\/DSC09703-1-1024x683.jpg\" alt=\"\" class=\"wp-image-308\" srcset=\"https:\/\/szusziapteam.hu\/wp-content\/uploads\/2023\/05\/DSC09703-1-1024x683.jpg 1024w, https:\/\/szusziapteam.hu\/wp-content\/uploads\/2023\/05\/DSC09703-1-300x200.jpg 300w, https:\/\/szusziapteam.hu\/wp-content\/uploads\/2023\/05\/DSC09703-1-768x512.jpg 768w, https:\/\/szusziapteam.hu\/wp-content\/uploads\/2023\/05\/DSC09703-1-1536x1024.jpg 1536w, https:\/\/szusziapteam.hu\/wp-content\/uploads\/2023\/05\/DSC09703-1-2048x1365.jpg 2048w, https:\/\/szusziapteam.hu\/wp-content\/uploads\/2023\/05\/DSC09703-1-450x300.jpg 450w\" sizes=\"(max-width: 1024px) 100vw, 1024px\" \/><\/figure>\n<\/div><\/div>\n\n\n\n<div class=\"wp-block-media-text alignwide has-media-on-the-right is-stacked-on-mobile\" style=\"grid-template-columns:auto 55%\"><div class=\"wp-block-media-text__content\">\n<div class=\"wp-block-group is-layout-flow\"><div class=\"wp-block-group__inner-container\">\n<figure class=\"wp-block-pullquote has-border-color\" style=\"border-color:#e2e2e2\"><blockquote><p>L\u00e1tv\u00e1nyos dob\u00e1sok<\/p><\/blockquote><\/figure>\n<\/div><\/div>\n\n\n\n<figure class=\"wp-block-image size-large is-resized\"><img decoding=\"async\" loading=\"lazy\" src=\"https:\/\/szusziapteam.hu\/wp-content\/uploads\/2021\/10\/IMG_5219-1024x683.jpg\" alt=\"\" class=\"wp-image-225\" width=\"248\" height=\"166\" srcset=\"https:\/\/szusziapteam.hu\/wp-content\/uploads\/2021\/10\/IMG_5219-1024x683.jpg 1024w, https:\/\/szusziapteam.hu\/wp-content\/uploads\/2021\/10\/IMG_5219-300x200.jpg 300w, https:\/\/szusziapteam.hu\/wp-content\/uploads\/2021\/10\/IMG_5219-768x512.jpg 768w, https:\/\/szusziapteam.hu\/wp-content\/uploads\/2021\/10\/IMG_5219-1536x1024.jpg 1536w, https:\/\/szusziapteam.hu\/wp-content\/uploads\/2021\/10\/IMG_5219-2048x1365.jpg 2048w, https:\/\/szusziapteam.hu\/wp-content\/uploads\/2021\/10\/IMG_5219-450x300.jpg 450w\" sizes=\"(max-width: 248px) 100vw, 248px\" \/><\/figure>\n<\/div><figure class=\"wp-block-media-text__media\"><img decoding=\"async\" loading=\"lazy\" width=\"1024\" height=\"683\" src=\"https:\/\/szusziapteam.hu\/wp-content\/uploads\/2021\/10\/IMG_5199-1024x683.jpg\" alt=\"\" class=\"wp-image-224 size-full\" srcset=\"https:\/\/szusziapteam.hu\/wp-content\/uploads\/2021\/10\/IMG_5199-1024x683.jpg 1024w, https:\/\/szusziapteam.hu\/wp-content\/uploads\/2021\/10\/IMG_5199-300x200.jpg 300w, https:\/\/szusziapteam.hu\/wp-content\/uploads\/2021\/10\/IMG_5199-768x512.jpg 768w, https:\/\/szusziapteam.hu\/wp-content\/uploads\/2021\/10\/IMG_5199-1536x1024.jpg 1536w, https:\/\/szusziapteam.hu\/wp-content\/uploads\/2021\/10\/IMG_5199-2048x1365.jpg 2048w, https:\/\/szusziapteam.hu\/wp-content\/uploads\/2021\/10\/IMG_5199-450x300.jpg 450w\" sizes=\"(max-width: 1024px) 100vw, 1024px\" \/><\/figure><\/div>\n\n\n\n<figure class=\"wp-block-pullquote has-border-color\" style=\"border-color:#e2e2e2\"><blockquote><p>Piramis emel\u00e9sek<\/p><\/blockquote><\/figure>\n\n\n\n<div class=\"wp-block-group is-layout-flow\"><div class=\"wp-block-group__inner-container\">\n<div class=\"wp-block-columns are-vertically-aligned-top is-layout-flex wp-container-12\">\n<div class=\"wp-block-column is-vertically-aligned-top is-layout-flow\" style=\"flex-basis:100%\">\n<div class=\"wp-block-group is-layout-flow\"><div class=\"wp-block-group__inner-container\">\n<div class=\"wp-block-columns is-layout-flex wp-container-4\">\n<div class=\"wp-block-column is-vertically-aligned-center is-layout-flow\" style=\"flex-basis:100%\"><div class=\"wp-block-image\">\n<figure class=\"alignleft size-full is-resized\"><img decoding=\"async\" loading=\"lazy\" src=\"http:\/\/szusziapteam.hu\/wp-content\/uploads\/2021\/10\/28577766_1562318883817209_4257603184256025678_n.jpg\" alt=\"\" class=\"wp-image-229\" width=\"240\" height=\"182\"\/><\/figure><\/div>\n\n<div class=\"wp-block-image\">\n<figure class=\"alignleft size-large is-resized\"><img decoding=\"async\" loading=\"lazy\" src=\"http:\/\/szusziapteam.hu\/wp-content\/uploads\/2021\/10\/IMG_8876-1-1024x683.jpg\" alt=\"\" class=\"wp-image-232\" width=\"271\" height=\"183\"\/><\/figure><\/div><\/div>\n<\/div>\n\n\n\n<figure class=\"wp-block-pullquote has-border-color\" style=\"border-color:#e2e2e2\"><blockquote><p>Sokf\u00e9le st\u00edlus<\/p><\/blockquote><\/figure>\n\n\n\n<div class=\"wp-block-group is-layout-flow\"><div class=\"wp-block-group__inner-container\">\n<div class=\"wp-block-columns are-vertically-aligned-center is-layout-flex wp-container-8\">\n<div class=\"wp-block-column is-vertically-aligned-center is-layout-flow\" style=\"flex-basis:100%\">\n<figure class=\"wp-block-gallery has-nested-images columns-default is-cropped wp-block-gallery-5 is-layout-flex\">\n<figure class=\"wp-block-image size-large\"><img decoding=\"async\" loading=\"lazy\" width=\"1024\" height=\"683\" src=\"https:\/\/szusziapteam.hu\/wp-content\/uploads\/2021\/10\/IMG_7721-1024x683.jpg\" alt=\"\" class=\"wp-image-244\" srcset=\"https:\/\/szusziapteam.hu\/wp-content\/uploads\/2021\/10\/IMG_7721-1024x683.jpg 1024w, https:\/\/szusziapteam.hu\/wp-content\/uploads\/2021\/10\/IMG_7721-300x200.jpg 300w, https:\/\/szusziapteam.hu\/wp-content\/uploads\/2021\/10\/IMG_7721-768x512.jpg 768w, https:\/\/szusziapteam.hu\/wp-content\/uploads\/2021\/10\/IMG_7721-1536x1024.jpg 1536w, https:\/\/szusziapteam.hu\/wp-content\/uploads\/2021\/10\/IMG_7721-2048x1365.jpg 2048w, https:\/\/szusziapteam.hu\/wp-content\/uploads\/2021\/10\/IMG_7721-450x300.jpg 450w\" sizes=\"(max-width: 1024px) 100vw, 1024px\" \/><\/figure>\n\n\n\n<figure class=\"wp-block-image size-large\"><img decoding=\"async\" loading=\"lazy\" width=\"683\" height=\"1024\" src=\"https:\/\/szusziapteam.hu\/wp-content\/uploads\/2021\/10\/IMG_5184-683x1024.jpg\" alt=\"\" class=\"wp-image-245\" srcset=\"https:\/\/szusziapteam.hu\/wp-content\/uploads\/2021\/10\/IMG_5184-683x1024.jpg 683w, https:\/\/szusziapteam.hu\/wp-content\/uploads\/2021\/10\/IMG_5184-200x300.jpg 200w, https:\/\/szusziapteam.hu\/wp-content\/uploads\/2021\/10\/IMG_5184-768x1152.jpg 768w, https:\/\/szusziapteam.hu\/wp-content\/uploads\/2021\/10\/IMG_5184-1024x1536.jpg 1024w, https:\/\/szusziapteam.hu\/wp-content\/uploads\/2021\/10\/IMG_5184-1365x2048.jpg 1365w, https:\/\/szusziapteam.hu\/wp-content\/uploads\/2021\/10\/IMG_5184-300x450.jpg 300w, https:\/\/szusziapteam.hu\/wp-content\/uploads\/2021\/10\/IMG_5184-scaled.jpg 1707w\" sizes=\"(max-width: 683px) 100vw, 683px\" \/><\/figure>\n\n\n\n<figure class=\"wp-block-image size-full\"><img decoding=\"async\" src=\"http:\/\/szusziapteam.hu\/wp-content\/uploads\/2023\/05\/DSC06954.jpg\" alt=\"\" class=\"wp-image-344\"\/><\/figure>\n\n\n\n<figure class=\"wp-block-image size-large\"><img decoding=\"async\" loading=\"lazy\" width=\"1024\" height=\"576\" src=\"https:\/\/szusziapteam.hu\/wp-content\/uploads\/2021\/10\/IMG_5135-1024x576.jpg\" alt=\"\" class=\"wp-image-247\" srcset=\"https:\/\/szusziapteam.hu\/wp-content\/uploads\/2021\/10\/IMG_5135-1024x576.jpg 1024w, https:\/\/szusziapteam.hu\/wp-content\/uploads\/2021\/10\/IMG_5135-300x169.jpg 300w, https:\/\/szusziapteam.hu\/wp-content\/uploads\/2021\/10\/IMG_5135-768x432.jpg 768w, https:\/\/szusziapteam.hu\/wp-content\/uploads\/2021\/10\/IMG_5135-1536x864.jpg 1536w, https:\/\/szusziapteam.hu\/wp-content\/uploads\/2021\/10\/IMG_5135-2048x1151.jpg 2048w, https:\/\/szusziapteam.hu\/wp-content\/uploads\/2021\/10\/IMG_5135-500x281.jpg 500w\" sizes=\"(max-width: 1024px) 100vw, 1024px\" \/><\/figure>\n\n\n\n<figure class=\"wp-block-image size-large\"><img decoding=\"async\" loading=\"lazy\" width=\"1024\" height=\"683\" src=\"http:\/\/szusziapteam.hu\/wp-content\/uploads\/2023\/05\/DSC09799-1024x683.jpg\" alt=\"\" class=\"wp-image-311\" srcset=\"https:\/\/szusziapteam.hu\/wp-content\/uploads\/2023\/05\/DSC09799-1024x683.jpg 1024w, https:\/\/szusziapteam.hu\/wp-content\/uploads\/2023\/05\/DSC09799-300x200.jpg 300w, https:\/\/szusziapteam.hu\/wp-content\/uploads\/2023\/05\/DSC09799-768x512.jpg 768w, https:\/\/szusziapteam.hu\/wp-content\/uploads\/2023\/05\/DSC09799-1536x1024.jpg 1536w, https:\/\/szusziapteam.hu\/wp-content\/uploads\/2023\/05\/DSC09799-2048x1365.jpg 2048w, https:\/\/szusziapteam.hu\/wp-content\/uploads\/2023\/05\/DSC09799-450x300.jpg 450w\" sizes=\"(max-width: 1024px) 100vw, 1024px\" \/><\/figure>\n\n\n\n<figure class=\"wp-block-image size-large\"><img decoding=\"async\" loading=\"lazy\" width=\"1024\" height=\"683\" src=\"https:\/\/szusziapteam.hu\/wp-content\/uploads\/2021\/10\/IMG_5041-1024x683.jpg\" alt=\"\" class=\"wp-image-56\" srcset=\"https:\/\/szusziapteam.hu\/wp-content\/uploads\/2021\/10\/IMG_5041-1024x683.jpg 1024w, https:\/\/szusziapteam.hu\/wp-content\/uploads\/2021\/10\/IMG_5041-300x200.jpg 300w, https:\/\/szusziapteam.hu\/wp-content\/uploads\/2021\/10\/IMG_5041-768x512.jpg 768w, https:\/\/szusziapteam.hu\/wp-content\/uploads\/2021\/10\/IMG_5041-1536x1024.jpg 1536w, https:\/\/szusziapteam.hu\/wp-content\/uploads\/2021\/10\/IMG_5041-2048x1365.jpg 2048w, https:\/\/szusziapteam.hu\/wp-content\/uploads\/2021\/10\/IMG_5041-450x300.jpg 450w\" sizes=\"(max-width: 1024px) 100vw, 1024px\" \/><\/figure>\n<\/figure>\n<\/div>\n<\/div>\n<\/div><\/div>\n<\/div><\/div>\n<\/div>\n<\/div>\n<\/div><\/div>\n\n\n\n<figure class=\"wp-block-image size-large\"><img decoding=\"async\" loading=\"lazy\" width=\"1024\" height=\"683\" src=\"http:\/\/szusziapteam.hu\/wp-content\/uploads\/2023\/05\/DSC08425-1024x683.jpg\" alt=\"\" class=\"wp-image-324\" srcset=\"https:\/\/szusziapteam.hu\/wp-content\/uploads\/2023\/05\/DSC08425-1024x683.jpg 1024w, https:\/\/szusziapteam.hu\/wp-content\/uploads\/2023\/05\/DSC08425-300x200.jpg 300w, https:\/\/szusziapteam.hu\/wp-content\/uploads\/2023\/05\/DSC08425-768x512.jpg 768w, https:\/\/szusziapteam.hu\/wp-content\/uploads\/2023\/05\/DSC08425-1536x1024.jpg 1536w, https:\/\/szusziapteam.hu\/wp-content\/uploads\/2023\/05\/DSC08425-450x300.jpg 450w, https:\/\/szusziapteam.hu\/wp-content\/uploads\/2023\/05\/DSC08425.jpg 1620w\" sizes=\"(max-width: 1024px) 100vw, 1024px\" \/><\/figure>\n","protected":false},"excerpt":{"rendered":"<p>\u201eAz Akrobatikus Pompon sport\u00e1g egy rendk\u00edv\u00fcl l\u00e1tv\u00e1nyos a k\u00f6z\u00f6ns\u00e9get elvar\u00e1zsl\u00f3, egyszer\u0171, de nagyszer\u0171 elven m\u0171k\u00f6d\u0151, sok mindent mag\u00e1ba \u00f6tv\u00f6z\u0151 m\u0171faj. A sport\u00e1g szabad t\u00e1ncst\u00edlus\u00fa, de k\u00f6t\u00f6tt ritmik\u00e1j\u00fa, melyben fontos szerepet t\u00f6ltenek be a t\u00e1ncok sor\u00e1n bemutatott akrobatikus elemek \u00e9s a &hellip; <a href=\"https:\/\/szusziapteam.hu\/\">Egy kattint\u00e1s ide a folytat\u00e1shoz&#8230;. <span class=\"meta-nav\">&rarr;<\/span><\/a><\/p>\n","protected":false},"author":1,"featured_media":0,"parent":0,"menu_order":0,"comment_status":"closed","ping_status":"closed","template":"","meta":[],"_links":{"self":[{"href":"https:\/\/szusziapteam.hu\/index.php?rest_route=\/wp\/v2\/pages\/29"}],"collection":[{"href":"https:\/\/szusziapteam.hu\/index.php?rest_route=\/wp\/v2\/pages"}],"about":[{"href":"https:\/\/szusziapteam.hu\/index.php?rest_route=\/wp\/v2\/types\/page"}],"author":[{"embeddable":true,"href":"https:\/\/szusziapteam.hu\/index.php?rest_route=\/wp\/v2\/users\/1"}],"replies":[{"embeddable":true,"href":"https:\/\/szusziapteam.hu\/index.php?rest_route=%2Fwp%2Fv2%2Fcomments&post=29"}],"version-history":[{"count":19,"href":"https:\/\/szusziapteam.hu\/index.php?rest_route=\/wp\/v2\/pages\/29\/revisions"}],"predecessor-version":[{"id":345,"href":"https:\/\/szusziapteam.hu\/index.php?rest_route=\/wp\/v2\/pages\/29\/revisions\/345"}],"wp:attachment":[{"href":"https:\/\/szusziapteam.hu\/index.php?rest_route=%2Fwp%2Fv2%2Fmedia&parent=29"}],"curies":[{"name":"wp","href":"https:\/\/api.w.org\/{rel}","templated":true}]}}